{"id":59,"date":"2026-01-02T09:04:27","date_gmt":"2026-01-02T09:04:27","guid":{"rendered":"https:\/\/panda141.fr\/?page_id=59"},"modified":"2026-01-02T09:08:28","modified_gmt":"2026-01-02T09:08:28","slug":"tutos-et-articles-techniques-fiat-panda","status":"publish","type":"page","link":"https:\/\/panda141.fr\/index.php\/tutos-et-articles-techniques-fiat-panda\/","title":{"rendered":"Tutos et articles techniques Fiat Panda"},"content":{"rendered":"\n<p class=\"has-text-align-center has-x-large-font-size\"><strong>R\u00e9glage du carrossage du Kit de r\u00e9hausse Rialzi<\/strong><\/p>\n\n\n\n<p><\/p>\n\n\n\n<p class=\"has-text-align-center\"><br><a href=\"https:\/\/panda141.fr\/wp-content\/uploads\/2026\/01\/Kit-Rialzi-Fiat-Panda-141-Parallelisme.pdf\" data-type=\"attachment\" data-id=\"61\">Notice Rialzi<\/a>\u00a0pour un Kit + 5cm , pensez \u00e0 changer la\u00a0<a href=\"https:\/\/www.rialzi4x4evo.store\/fr\/product-page\/flangia-modificata-lato-sx-per-panda-prima-serie-da-1980-a-2003-adatta-a-chi-n\" target=\"_blank\" rel=\"noreferrer noopener\">cale de pr\u00e9contrainte<\/a>\u00a0pour permettre au cardan c\u00f4t\u00e9 conducteur de descendre plus bas. Et changez les durites de freins pour des plus longues.<\/p>\n\n\n\n<figure class=\"wp-block-image size-full is-resized\"><img loading=\"lazy\" decoding=\"async\" width=\"443\" height=\"565\" src=\"http:\/\/panda141.fr\/wp-content\/uploads\/2025\/12\/Fig1-Kit-Rialzi-fiat-panda141.jpg\" alt=\"\" class=\"wp-image-34\" style=\"width:443px;height:auto\" srcset=\"https:\/\/panda141.fr\/wp-content\/uploads\/2025\/12\/Fig1-Kit-Rialzi-fiat-panda141.jpg 443w, https:\/\/panda141.fr\/wp-content\/uploads\/2025\/12\/Fig1-Kit-Rialzi-fiat-panda141-235x300.jpg 235w\" sizes=\"auto, (max-width: 443px) 100vw, 443px\" \/><\/figure>\n\n\n\n<figure class=\"wp-block-image size-full\"><img loading=\"lazy\" decoding=\"async\" width=\"497\" height=\"384\" src=\"http:\/\/panda141.fr\/wp-content\/uploads\/2025\/12\/Boulon-excentrique-rialzi-panda-4x4-1.jpg\" alt=\"\" class=\"wp-image-31\" srcset=\"https:\/\/panda141.fr\/wp-content\/uploads\/2025\/12\/Boulon-excentrique-rialzi-panda-4x4-1.jpg 497w, https:\/\/panda141.fr\/wp-content\/uploads\/2025\/12\/Boulon-excentrique-rialzi-panda-4x4-1-300x232.jpg 300w\" sizes=\"auto, (max-width: 497px) 100vw, 497px\" \/><\/figure>\n\n\n\n<p><a href=\"https:\/\/panda141.fr\/wp-content\/uploads\/2026\/01\/Kit-Rialzi-Fiat-Panda-141-Parallelisme.pdf\" data-type=\"attachment\" data-id=\"61\">INSTRUCTIONS DE MONTAGE :<\/a><\/p>\n\n\n\n<ol class=\"wp-block-list\">\n<li>Lors du\u00a0<strong>remontage de l\u2019amortisseur<\/strong>, remplacer le\u00a0<strong>boulon (H)<\/strong>\u00a0de la fixation sup\u00e9rieure au\u00a0<strong>moyeu-roue (M)<\/strong>\u00a0par le\u00a0<strong>boulon (A)<\/strong>\u00a0excentrique (voir fig.1).<\/li>\n\n\n\n<li><strong>Uniquement dans le cas o\u00f9 les boulons originaux (H)<\/strong>\u00a0et leurs trous respectifs sont de\u00a0<strong>\u00d810<\/strong>,\u00a0<strong>repasser les trous \u00e0\u00a0<\/strong><strong>\u00d8<\/strong><strong>12mm avec une m\u00e8che<\/strong>, soit :\n<ul class=\"wp-block-list\">\n<li>du\u00a0<strong>c\u00f4t\u00e9 du trou de la fixation sup\u00e9rieure<\/strong>\u00a0(ou inf\u00e9rieure \u00e0 gauche) de l\u2019<strong>amortisseur (G)<\/strong>,<\/li>\n\n\n\n<li>soit\u00a0<strong>dans le trou sup\u00e9rieur du moyeu-roue (M)<\/strong>\u00a0en l\u2019\u00e9largissant afin de permettre le montage du boulon\u00a0<strong>(A)<\/strong>\u00a0excentrique de\u00a0<strong>\u00d812 mm<\/strong>.<br><strong>NB : Le trou de fixation rest\u00e9 au diam\u00e8tre d\u2019origine accepte le boulon (H)<\/strong>\u00a0et\u00a0<strong>doit rester fixe<\/strong>\u00a0pour faciliter le\u00a0<strong>r\u00e9glage du carrossage<\/strong>, en \u00e9vitant que le r\u00e9glage ne se modifie par la suite sur la roue.<\/li>\n<\/ul>\n<\/li>\n\n\n\n<li><strong>Fixer le bras (G)<\/strong>\u00a0au\u00a0<strong>moyeu-roue (M)<\/strong>\u00a0en suivant cet\u00a0<strong>ordre de montage<\/strong>\u00a0:\u00a0<strong>(B) (A) (C) (H) (D)<\/strong>\u00a0(voir fig.2).<\/li>\n\n\n\n<li><strong>Serrer \u00e0 ce point l\u2019\u00e9crou (D)<\/strong>.<\/li>\n\n\n\n<li>Mettre le v\u00e9hicule sur le pont pour v\u00e9rifier le\u00a0<strong>carrossage \u00e0 l\u2019aide du dispositif<\/strong>.<br>Pour agir sur le carrossage lui-m\u00eame,\u00a0<strong>tourner le boulon (A)<\/strong>\u00a0dans le sens horaire ou antihoraire, en prenant\u00a0<strong>comme r\u00e9f\u00e9rence le rep\u00e8re (N)<\/strong>\u00a0sur la t\u00eate du boulon (A) (le rep\u00e8re indique le c\u00f4t\u00e9 excentrique du boulon).<\/li>\n\n\n\n<li>Une fois la position souhait\u00e9e trouv\u00e9e,\u00a0<strong>serrer \u00e0 la main puis effectuer le serrage final avec une cl\u00e9 dynamom\u00e9trique<\/strong>, en\u00a0<strong>serrant \u00e0 un couple de 8 \u00e0 10 Kg\/m max<\/strong>.<\/li>\n\n\n\n<li>\u00c0 ce point,\u00a0<strong>r\u00e9gler le carrossage de 0\u00b0 jusqu\u2019\u00e0 0,20\u00b0<\/strong>.<\/li>\n<\/ol>\n\n\n\n<hr class=\"wp-block-separator has-alpha-channel-opacity\"\/>\n\n\n\n<p class=\"has-text-align-center has-xx-large-font-size\"><strong>D\u00e9coration<\/strong><\/p>\n\n\n\n<figure class=\"wp-block-image size-full\"><img loading=\"lazy\" decoding=\"async\" width=\"745\" height=\"353\" src=\"http:\/\/panda141.fr\/wp-content\/uploads\/2025\/12\/Fiat-panda-141-croquis-pour-covering.jpg\" alt=\"Covering Panda\" class=\"wp-image-32\" srcset=\"https:\/\/panda141.fr\/wp-content\/uploads\/2025\/12\/Fiat-panda-141-croquis-pour-covering.jpg 745w, https:\/\/panda141.fr\/wp-content\/uploads\/2025\/12\/Fiat-panda-141-croquis-pour-covering-300x142.jpg 300w\" sizes=\"auto, (max-width: 745px) 100vw, 745px\" \/><\/figure>\n\n\n\n<p class=\"has-text-align-center\"><a href=\"https:\/\/panda141.fr\/wp-content\/uploads\/2025\/12\/Dessin-Fiat-Panda-141-Trekking-4X4-1.pdf\" data-type=\"attachment\" data-id=\"29\">Croquis pour covering Fiat Panda 141<\/a><\/p>\n\n\n\n<p><\/p>\n","protected":false},"excerpt":{"rendered":"<p>R\u00e9glage du carrossage du Kit de r\u00e9hausse Rialzi Notice Rialzi\u00a0pour un Kit + 5cm , pensez \u00e0 changer la\u00a0cale de pr\u00e9contrainte\u00a0pour permettre au cardan c\u00f4t\u00e9 conducteur de descendre plus bas. Et changez les durites de freins pour des plus longues. INSTRUCTIONS DE MONTAGE : D\u00e9coration Croquis pour covering Fiat Panda 141<\/p>\n","protected":false},"author":1,"featured_media":0,"parent":0,"menu_order":0,"comment_status":"closed","ping_status":"closed","template":"","meta":{"footnotes":""},"class_list":["post-59","page","type-page","status-publish","hentry"],"_links":{"self":[{"href":"https:\/\/panda141.fr\/index.php\/wp-json\/wp\/v2\/pages\/59","targetHints":{"allow":["GET"]}}],"collection":[{"href":"https:\/\/panda141.fr\/index.php\/wp-json\/wp\/v2\/pages"}],"about":[{"href":"https:\/\/panda141.fr\/index.php\/wp-json\/wp\/v2\/types\/page"}],"author":[{"embeddable":true,"href":"https:\/\/panda141.fr\/index.php\/wp-json\/wp\/v2\/users\/1"}],"replies":[{"embeddable":true,"href":"https:\/\/panda141.fr\/index.php\/wp-json\/wp\/v2\/comments?post=59"}],"version-history":[{"count":3,"href":"https:\/\/panda141.fr\/index.php\/wp-json\/wp\/v2\/pages\/59\/revisions"}],"predecessor-version":[{"id":63,"href":"https:\/\/panda141.fr\/index.php\/wp-json\/wp\/v2\/pages\/59\/revisions\/63"}],"wp:attachment":[{"href":"https:\/\/panda141.fr\/index.php\/wp-json\/wp\/v2\/media?parent=59"}],"curies":[{"name":"wp","href":"https:\/\/api.w.org\/{rel}","templated":true}]}}