{"id":2,"date":"2025-12-28T18:26:40","date_gmt":"2025-12-28T18:26:40","guid":{"rendered":"http:\/\/panda141.fr\/?page_id=2"},"modified":"2026-01-02T09:10:07","modified_gmt":"2026-01-02T09:10:07","slug":"sample-page","status":"publish","type":"page","link":"https:\/\/panda141.fr\/","title":{"rendered":"La Fiat Panda"},"content":{"rendered":"\n<p class=\"has-medium-font-size\">Pour les fans<\/p>\n\n\n\n<p>Passionn\u00e9 de m\u00e9canique et de Fiat Panda 4\u00d74 ? Ce site est d\u00e9di\u00e9 \u00e0 tous les amoureux de cette mythique boite \u00e0 sardines des ann\u00e9es 80-90.<\/p>\n\n\n\n<p><\/p>\n\n\n\n<figure class=\"wp-block-gallery has-nested-images columns-default is-cropped wp-block-gallery-1 is-layout-flex wp-block-gallery-is-layout-flex\">\n<figure class=\"wp-block-image size-large\"><img loading=\"lazy\" decoding=\"async\" width=\"1024\" height=\"684\" data-id=\"12\" src=\"https:\/\/panda141.fr\/wp-content\/uploads\/2025\/12\/Galibier-2024-1024x684-1.jpg\" alt=\"\" class=\"wp-image-12\" srcset=\"https:\/\/panda141.fr\/wp-content\/uploads\/2025\/12\/Galibier-2024-1024x684-1.jpg 1024w, https:\/\/panda141.fr\/wp-content\/uploads\/2025\/12\/Galibier-2024-1024x684-1-300x200.jpg 300w, https:\/\/panda141.fr\/wp-content\/uploads\/2025\/12\/Galibier-2024-1024x684-1-768x513.jpg 768w\" sizes=\"auto, (max-width: 1024px) 100vw, 1024px\" \/><\/figure>\n<\/figure>\n\n\n\n<p><\/p>\n\n\n\n<p><strong>Revue Techniques &amp; Astuces<\/strong><br><\/p>\n\n\n\n<p>Tu y trouveras des revues techniques, tutoriels, sch\u00e9mas et documents pour entretenir, r\u00e9parer et am\u00e9liorer ta Panda 4\u00d74. Le but : s\u2019entraider entre passionn\u00e9s pour que nos Panda continuent de rouler encore longtemps.<\/p>\n\n\n\n<p>Que tu sois bricoleur du dimanche ou m\u00e9cano averti, tu trouveras ici les infos qu\u2019il te faut.<\/p>\n\n\n\n<p>Tu peux aussi proposer tes propres documents \u00e0 partager !<\/p>\n\n\n\n<p><a href=\"https:\/\/panda141.fr\/index.php\/rta-fiat-panda\/\" data-type=\"page\" data-id=\"47\">RTA Fiat Panda<\/a><\/p>\n\n\n\n<p><a href=\"https:\/\/panda141.fr\/index.php\/notices-fiat-panda\/\" data-type=\"page\" data-id=\"43\">Notices<\/a><\/p>\n\n\n\n<p><a href=\"https:\/\/panda141.fr\/index.php\/tutos-et-articles-techniques-fiat-panda\/\" data-type=\"page\" data-id=\"59\">Tutos et articles techniques<\/a><\/p>\n\n\n\n<p><\/p>\n\n\n\n<p><\/p>\n","protected":false},"excerpt":{"rendered":"<p>Pour les fans Passionn\u00e9 de m\u00e9canique et de Fiat Panda 4\u00d74 ? Ce site est d\u00e9di\u00e9 \u00e0 tous les amoureux de cette mythique boite \u00e0 sardines des ann\u00e9es 80-90. Revue Techniques &amp; Astuces Tu y trouveras des revues techniques, tutoriels, sch\u00e9mas et documents pour entretenir, r\u00e9parer et am\u00e9liorer ta Panda 4\u00d74. Le but : s\u2019entraider [&hellip;]<\/p>\n","protected":false},"author":1,"featured_media":0,"parent":0,"menu_order":0,"comment_status":"closed","ping_status":"open","template":"","meta":{"footnotes":""},"class_list":["post-2","page","type-page","status-publish","hentry"],"_links":{"self":[{"href":"https:\/\/panda141.fr\/index.php\/wp-json\/wp\/v2\/pages\/2","targetHints":{"allow":["GET"]}}],"collection":[{"href":"https:\/\/panda141.fr\/index.php\/wp-json\/wp\/v2\/pages"}],"about":[{"href":"https:\/\/panda141.fr\/index.php\/wp-json\/wp\/v2\/types\/page"}],"author":[{"embeddable":true,"href":"https:\/\/panda141.fr\/index.php\/wp-json\/wp\/v2\/users\/1"}],"replies":[{"embeddable":true,"href":"https:\/\/panda141.fr\/index.php\/wp-json\/wp\/v2\/comments?post=2"}],"version-history":[{"count":7,"href":"https:\/\/panda141.fr\/index.php\/wp-json\/wp\/v2\/pages\/2\/revisions"}],"predecessor-version":[{"id":64,"href":"https:\/\/panda141.fr\/index.php\/wp-json\/wp\/v2\/pages\/2\/revisions\/64"}],"wp:attachment":[{"href":"https:\/\/panda141.fr\/index.php\/wp-json\/wp\/v2\/media?parent=2"}],"curies":[{"name":"wp","href":"https:\/\/api.w.org\/{rel}","templated":true}]}}